{"id":5185,"date":"2023-12-26T12:11:04","date_gmt":"2023-12-26T17:11:04","guid":{"rendered":"https:\/\/maisonquartzforms.com\/?page_id=5185"},"modified":"2023-12-27T12:20:42","modified_gmt":"2023-12-27T17:20:42","slug":"blog","status":"publish","type":"page","link":"https:\/\/maisonquartzforms.com\/fr\/blog\/","title":{"rendered":"Blog"},"content":{"rendered":"<div data-elementor-type=\"wp-page\" data-elementor-id=\"5185\" class=\"elementor elementor-5185\" data-elementor-post-type=\"page\">\n\t\t\t\t<div class=\"elementor-element elementor-element-9171641 e-con-full e-flex e-con e-parent\" data-id=\"9171641\" data-element_type=\"container\" data-settings=\"{&quot;background_background&quot;:&quot;classic&quot;}\">\n\t\t\t\t<div class=\"elementor-element elementor-element-e098d77 elementor-invisible elementor-widget elementor-widget-heading\" data-id=\"e098d77\" data-element_type=\"widget\" data-settings=\"{&quot;_animation&quot;:&quot;fadeIn&quot;}\" data-widget_type=\"heading.default\">\n\t\t\t\t<div class=\"elementor-widget-container\">\n\t\t\t\t\t<h1 class=\"elementor-heading-title elementor-size-default\">Blog<\/h1>\t\t\t\t<\/div>\n\t\t\t\t<\/div>\n\t\t\t\t<div class=\"elementor-element elementor-element-0230c2e elementor-widget-divider--view-line elementor-invisible elementor-widget elementor-widget-divider\" data-id=\"0230c2e\" data-element_type=\"widget\" data-settings=\"{&quot;_animation&quot;:&quot;fadeIn&quot;,&quot;_animation_delay&quot;:&quot;200&quot;}\" data-widget_type=\"divider.default\">\n\t\t\t\t<div class=\"elementor-widget-container\">\n\t\t\t\t\t\t\t<div class=\"elementor-divider\">\n\t\t\t<span class=\"elementor-divider-separator\">\n\t\t\t\t\t\t<\/span>\n\t\t<\/div>\n\t\t\t\t\t\t<\/div>\n\t\t\t\t<\/div>\n\t\t\t\t<\/div>\n\t\t<div class=\"elementor-element elementor-element-929a462 e-con-full e-flex e-con e-parent\" data-id=\"929a462\" data-element_type=\"container\" data-settings=\"{&quot;background_background&quot;:&quot;classic&quot;}\">\n\t\t\t\t<div class=\"elementor-element elementor-element-d0c2884 elementor-grid-3 elementor-grid-tablet-2 elementor-grid-mobile-1 elementor-posts--thumbnail-top elementor-card-shadow-yes elementor-posts__hover-gradient elementor-widget elementor-widget-posts\" data-id=\"d0c2884\" data-element_type=\"widget\" data-settings=\"{&quot;cards_columns&quot;:&quot;3&quot;,&quot;cards_columns_tablet&quot;:&quot;2&quot;,&quot;cards_columns_mobile&quot;:&quot;1&quot;,&quot;cards_row_gap&quot;:{&quot;unit&quot;:&quot;px&quot;,&quot;size&quot;:35,&quot;sizes&quot;:[]},&quot;cards_row_gap_tablet&quot;:{&quot;unit&quot;:&quot;px&quot;,&quot;size&quot;:&quot;&quot;,&quot;sizes&quot;:[]},&quot;cards_row_gap_mobile&quot;:{&quot;unit&quot;:&quot;px&quot;,&quot;size&quot;:&quot;&quot;,&quot;sizes&quot;:[]}}\" data-widget_type=\"posts.cards\">\n\t\t\t\t<div class=\"elementor-widget-container\">\n\t\t\t\t\t\t\t<div class=\"elementor-posts-container elementor-posts elementor-posts--skin-cards elementor-grid\">\n\t\t\t\t<article class=\"elementor-post elementor-grid-item post-5673 post type-post status-publish format-standard has-post-thumbnail hentry category-blog tag-not-custom\">\n\t\t\t<div class=\"elementor-post__card\">\n\t\t\t\t<a class=\"elementor-post__thumbnail__link\" href=\"https:\/\/maisonquartzforms.com\/fr\/ilots-de-cuisine-personnalises-10-idees-de-cuisine-mettant-en-vedette-des-comptoirs-en-quartz\/\" tabindex=\"-1\" ><div class=\"elementor-post__thumbnail\"><img fetchpriority=\"high\" decoding=\"async\" width=\"800\" height=\"448\" src=\"https:\/\/maisonquartzforms.com\/wp-content\/uploads\/2024\/02\/Stylish-Kitchen-Island-Ideas-Featuring-Quartz-Countertops--1024x574.jpg\" class=\"attachment-large size-large wp-image-5674\" alt=\"Stylish Kitchen Island Ideas Featuring Quartz Countertops r\" srcset=\"https:\/\/maisonquartzforms.com\/wp-content\/uploads\/2024\/02\/Stylish-Kitchen-Island-Ideas-Featuring-Quartz-Countertops--1024x574.jpg 1024w, https:\/\/maisonquartzforms.com\/wp-content\/uploads\/2024\/02\/Stylish-Kitchen-Island-Ideas-Featuring-Quartz-Countertops--300x168.jpg 300w, https:\/\/maisonquartzforms.com\/wp-content\/uploads\/2024\/02\/Stylish-Kitchen-Island-Ideas-Featuring-Quartz-Countertops--535x300.jpg 535w, https:\/\/maisonquartzforms.com\/wp-content\/uploads\/2024\/02\/Stylish-Kitchen-Island-Ideas-Featuring-Quartz-Countertops--768x430.jpg 768w, https:\/\/maisonquartzforms.com\/wp-content\/uploads\/2024\/02\/Stylish-Kitchen-Island-Ideas-Featuring-Quartz-Countertops--18x10.jpg 18w, https:\/\/maisonquartzforms.com\/wp-content\/uploads\/2024\/02\/Stylish-Kitchen-Island-Ideas-Featuring-Quartz-Countertops-.jpg 1456w\" sizes=\"(max-width: 800px) 100vw, 800px\" \/><\/div><\/a>\n\t\t\t\t<div class=\"elementor-post__badge\">Blog<\/div>\n\t\t\t\t<div class=\"elementor-post__text\">\n\t\t\t\t<h3 class=\"elementor-post__title\">\n\t\t\t<a href=\"https:\/\/maisonquartzforms.com\/fr\/ilots-de-cuisine-personnalises-10-idees-de-cuisine-mettant-en-vedette-des-comptoirs-en-quartz\/\" >\n\t\t\t\tRehaussez votre design de cuisine et laissez une impression durable avec le charme intemporel des comptoirs en quartz. Explorez les derni\u00e8res tendances et transformez votre cuisine en un parfait m\u00e9lange de style et de fonctionnalit\u00e9!\t\t\t<\/a>\n\t\t<\/h3>\n\t\t\n\t\t<a class=\"elementor-post__read-more\" href=\"https:\/\/maisonquartzforms.com\/fr\/ilots-de-cuisine-personnalises-10-idees-de-cuisine-mettant-en-vedette-des-comptoirs-en-quartz\/\" aria-label=\"Read more about Custom Kitchen Islands | 10 Stylish Kitchen Island Ideas Featuring Quartz Countertops\" tabindex=\"-1\" >\n\t\t\tread more \u00bb\t\t<\/a>\n\n\t\t\t\t<\/div>\n\t\t\t\t<div class=\"elementor-post__meta-data\">\n\t\t\t\t\t<span class=\"elementor-post-date\">\n\t\t\tFebruary 29, 2024\t\t<\/span>\n\t\t\t\t<span class=\"elementor-post-avatar\">\n\t\t\tNo Comments\t\t<\/span>\n\t\t\t\t<\/div>\n\t\t\t\t\t<\/div>\n\t\t<\/article>\n\t\t\t\t<article class=\"elementor-post elementor-grid-item post-5668 post type-post status-publish format-standard has-post-thumbnail hentry category-blog tag-not-custom\">\n\t\t\t<div class=\"elementor-post__card\">\n\t\t\t\t<a class=\"elementor-post__thumbnail__link\" href=\"https:\/\/maisonquartzforms.com\/fr\/luxury-quartz-countertops-how-much-do-quartz-countertops-cost\/\" tabindex=\"-1\" ><div class=\"elementor-post__thumbnail\"><img decoding=\"async\" width=\"800\" height=\"448\" data-src=\"https:\/\/maisonquartzforms.com\/wp-content\/uploads\/2024\/02\/How-Much-Do-Quartz-Countertops-Cost--1024x574.jpg\" class=\"attachment-large size-large wp-image-5669 lazyload\" alt=\"\" data-srcset=\"https:\/\/maisonquartzforms.com\/wp-content\/uploads\/2024\/02\/How-Much-Do-Quartz-Countertops-Cost--1024x574.jpg 1024w, https:\/\/maisonquartzforms.com\/wp-content\/uploads\/2024\/02\/How-Much-Do-Quartz-Countertops-Cost--300x168.jpg 300w, https:\/\/maisonquartzforms.com\/wp-content\/uploads\/2024\/02\/How-Much-Do-Quartz-Countertops-Cost--535x300.jpg 535w, https:\/\/maisonquartzforms.com\/wp-content\/uploads\/2024\/02\/How-Much-Do-Quartz-Countertops-Cost--768x430.jpg 768w, https:\/\/maisonquartzforms.com\/wp-content\/uploads\/2024\/02\/How-Much-Do-Quartz-Countertops-Cost--18x10.jpg 18w, https:\/\/maisonquartzforms.com\/wp-content\/uploads\/2024\/02\/How-Much-Do-Quartz-Countertops-Cost-.jpg 1456w\" data-sizes=\"(max-width: 800px) 100vw, 800px\" src=\"data:image\/svg+xml;base64,PHN2ZyB3aWR0aD0iMSIgaGVpZ2h0PSIxIiB4bWxucz0iaHR0cDovL3d3dy53My5vcmcvMjAwMC9zdmciPjwvc3ZnPg==\" style=\"--smush-placeholder-width: 800px; --smush-placeholder-aspect-ratio: 800\/448;\" \/><\/div><\/a>\n\t\t\t\t<div class=\"elementor-post__badge\">Blog<\/div>\n\t\t\t\t<div class=\"elementor-post__text\">\n\t\t\t\t<h3 class=\"elementor-post__title\">\n\t\t\t<a href=\"https:\/\/maisonquartzforms.com\/fr\/luxury-quartz-countertops-how-much-do-quartz-countertops-cost\/\" >\n\t\t\t\tComptoirs de quartz de luxe | Combien co\u00fbtent les comptoirs de quartz?\t\t\t<\/a>\n\t\t<\/h3>\n\t\t\n\t\t<a class=\"elementor-post__read-more\" href=\"https:\/\/maisonquartzforms.com\/fr\/luxury-quartz-countertops-how-much-do-quartz-countertops-cost\/\" aria-label=\"Read more about Luxury Quartz Countertops | How Much Do Quartz Countertops Cost?\" tabindex=\"-1\" >\n\t\t\tread more \u00bb\t\t<\/a>\n\n\t\t\t\t<\/div>\n\t\t\t\t<div class=\"elementor-post__meta-data\">\n\t\t\t\t\t<span class=\"elementor-post-date\">\n\t\t\tFebruary 23, 2024\t\t<\/span>\n\t\t\t\t<span class=\"elementor-post-avatar\">\n\t\t\tNo Comments\t\t<\/span>\n\t\t\t\t<\/div>\n\t\t\t\t\t<\/div>\n\t\t<\/article>\n\t\t\t\t<article class=\"elementor-post elementor-grid-item post-5645 post type-post status-publish format-standard has-post-thumbnail hentry category-blog tag-not-custom\">\n\t\t\t<div class=\"elementor-post__card\">\n\t\t\t\t<a class=\"elementor-post__thumbnail__link\" href=\"https:\/\/maisonquartzforms.com\/fr\/the-best-tips-to-maintain-your-kitchen-quartz-countertops\/\" tabindex=\"-1\" ><div class=\"elementor-post__thumbnail\"><img decoding=\"async\" width=\"800\" height=\"448\" data-src=\"https:\/\/maisonquartzforms.com\/wp-content\/uploads\/2024\/02\/Tips-to-Maintain-Your-Kitchen-Quartz-Countertops--1024x574.jpg\" class=\"attachment-large size-large wp-image-5656 lazyload\" alt=\"\" data-srcset=\"https:\/\/maisonquartzforms.com\/wp-content\/uploads\/2024\/02\/Tips-to-Maintain-Your-Kitchen-Quartz-Countertops--1024x574.jpg 1024w, https:\/\/maisonquartzforms.com\/wp-content\/uploads\/2024\/02\/Tips-to-Maintain-Your-Kitchen-Quartz-Countertops--300x168.jpg 300w, https:\/\/maisonquartzforms.com\/wp-content\/uploads\/2024\/02\/Tips-to-Maintain-Your-Kitchen-Quartz-Countertops--535x300.jpg 535w, https:\/\/maisonquartzforms.com\/wp-content\/uploads\/2024\/02\/Tips-to-Maintain-Your-Kitchen-Quartz-Countertops--768x430.jpg 768w, https:\/\/maisonquartzforms.com\/wp-content\/uploads\/2024\/02\/Tips-to-Maintain-Your-Kitchen-Quartz-Countertops--18x10.jpg 18w, https:\/\/maisonquartzforms.com\/wp-content\/uploads\/2024\/02\/Tips-to-Maintain-Your-Kitchen-Quartz-Countertops-.jpg 1456w\" data-sizes=\"(max-width: 800px) 100vw, 800px\" src=\"data:image\/svg+xml;base64,PHN2ZyB3aWR0aD0iMSIgaGVpZ2h0PSIxIiB4bWxucz0iaHR0cDovL3d3dy53My5vcmcvMjAwMC9zdmciPjwvc3ZnPg==\" style=\"--smush-placeholder-width: 800px; --smush-placeholder-aspect-ratio: 800\/448;\" \/><\/div><\/a>\n\t\t\t\t<div class=\"elementor-post__badge\">Blog<\/div>\n\t\t\t\t<div class=\"elementor-post__text\">\n\t\t\t\t<h3 class=\"elementor-post__title\">\n\t\t\t<a href=\"https:\/\/maisonquartzforms.com\/fr\/the-best-tips-to-maintain-your-kitchen-quartz-countertops\/\" >\n\t\t\t\tLa Composition des Comptoirs en Quartz\t\t\t<\/a>\n\t\t<\/h3>\n\t\t\n\t\t<a class=\"elementor-post__read-more\" href=\"https:\/\/maisonquartzforms.com\/fr\/the-best-tips-to-maintain-your-kitchen-quartz-countertops\/\" aria-label=\"Read more about The Best Tips to Maintain Your Kitchen Quartz Countertops\" tabindex=\"-1\" >\n\t\t\tread more \u00bb\t\t<\/a>\n\n\t\t\t\t<\/div>\n\t\t\t\t<div class=\"elementor-post__meta-data\">\n\t\t\t\t\t<span class=\"elementor-post-date\">\n\t\t\tFebruary 20, 2024\t\t<\/span>\n\t\t\t\t<span class=\"elementor-post-avatar\">\n\t\t\tNo Comments\t\t<\/span>\n\t\t\t\t<\/div>\n\t\t\t\t\t<\/div>\n\t\t<\/article>\n\t\t\t\t<article class=\"elementor-post elementor-grid-item post-5621 post type-post status-publish format-standard has-post-thumbnail hentry category-blog\">\n\t\t\t<div class=\"elementor-post__card\">\n\t\t\t\t<a class=\"elementor-post__thumbnail__link\" href=\"https:\/\/maisonquartzforms.com\/fr\/how-are-quartz-countertops-made\/\" tabindex=\"-1\" ><div class=\"elementor-post__thumbnail\"><img decoding=\"async\" width=\"800\" height=\"448\" data-src=\"https:\/\/maisonquartzforms.com\/wp-content\/uploads\/2024\/02\/How-are-Quartz-Countertops-Made--1024x574.jpg\" class=\"attachment-large size-large wp-image-5626 lazyload\" alt=\"How are Quartz Countertops Made\" data-srcset=\"https:\/\/maisonquartzforms.com\/wp-content\/uploads\/2024\/02\/How-are-Quartz-Countertops-Made--1024x574.jpg 1024w, https:\/\/maisonquartzforms.com\/wp-content\/uploads\/2024\/02\/How-are-Quartz-Countertops-Made--300x168.jpg 300w, https:\/\/maisonquartzforms.com\/wp-content\/uploads\/2024\/02\/How-are-Quartz-Countertops-Made--535x300.jpg 535w, https:\/\/maisonquartzforms.com\/wp-content\/uploads\/2024\/02\/How-are-Quartz-Countertops-Made--768x430.jpg 768w, https:\/\/maisonquartzforms.com\/wp-content\/uploads\/2024\/02\/How-are-Quartz-Countertops-Made--18x10.jpg 18w, https:\/\/maisonquartzforms.com\/wp-content\/uploads\/2024\/02\/How-are-Quartz-Countertops-Made-.jpg 1456w\" data-sizes=\"(max-width: 800px) 100vw, 800px\" src=\"data:image\/svg+xml;base64,PHN2ZyB3aWR0aD0iMSIgaGVpZ2h0PSIxIiB4bWxucz0iaHR0cDovL3d3dy53My5vcmcvMjAwMC9zdmciPjwvc3ZnPg==\" style=\"--smush-placeholder-width: 800px; --smush-placeholder-aspect-ratio: 800\/448;\" \/><\/div><\/a>\n\t\t\t\t<div class=\"elementor-post__badge\">Blog<\/div>\n\t\t\t\t<div class=\"elementor-post__text\">\n\t\t\t\t<h3 class=\"elementor-post__title\">\n\t\t\t<a href=\"https:\/\/maisonquartzforms.com\/fr\/how-are-quartz-countertops-made\/\" >\n\t\t\t\tComment Sont Fabriqu\u00e9s les Comptoirs en Quartz?\t\t\t<\/a>\n\t\t<\/h3>\n\t\t\n\t\t<a class=\"elementor-post__read-more\" href=\"https:\/\/maisonquartzforms.com\/fr\/how-are-quartz-countertops-made\/\" aria-label=\"Read more about How are Quartz Countertops Made?\" tabindex=\"-1\" >\n\t\t\tread more \u00bb\t\t<\/a>\n\n\t\t\t\t<\/div>\n\t\t\t\t<div class=\"elementor-post__meta-data\">\n\t\t\t\t\t<span class=\"elementor-post-date\">\n\t\t\tFebruary 7, 2024\t\t<\/span>\n\t\t\t\t<span class=\"elementor-post-avatar\">\n\t\t\tNo Comments\t\t<\/span>\n\t\t\t\t<\/div>\n\t\t\t\t\t<\/div>\n\t\t<\/article>\n\t\t\t\t<article class=\"elementor-post elementor-grid-item post-5208 post type-post status-publish format-standard has-post-thumbnail hentry category-blog\">\n\t\t\t<div class=\"elementor-post__card\">\n\t\t\t\t<a class=\"elementor-post__thumbnail__link\" href=\"https:\/\/maisonquartzforms.com\/fr\/10-reasons-why-porcelain-slabs-are-great-for-kitchen-countertops\/\" tabindex=\"-1\" ><div class=\"elementor-post__thumbnail\"><img decoding=\"async\" width=\"800\" height=\"448\" data-src=\"https:\/\/maisonquartzforms.com\/wp-content\/uploads\/2023\/12\/Why-Porcelain-Slabs-are-Great-for-Kitchen-Countertops--1024x574.jpg\" class=\"attachment-large size-large wp-image-5209 lazyload\" alt=\"\" data-srcset=\"https:\/\/maisonquartzforms.com\/wp-content\/uploads\/2023\/12\/Why-Porcelain-Slabs-are-Great-for-Kitchen-Countertops--1024x574.jpg 1024w, https:\/\/maisonquartzforms.com\/wp-content\/uploads\/2023\/12\/Why-Porcelain-Slabs-are-Great-for-Kitchen-Countertops--300x168.jpg 300w, https:\/\/maisonquartzforms.com\/wp-content\/uploads\/2023\/12\/Why-Porcelain-Slabs-are-Great-for-Kitchen-Countertops--535x300.jpg 535w, https:\/\/maisonquartzforms.com\/wp-content\/uploads\/2023\/12\/Why-Porcelain-Slabs-are-Great-for-Kitchen-Countertops--768x430.jpg 768w, https:\/\/maisonquartzforms.com\/wp-content\/uploads\/2023\/12\/Why-Porcelain-Slabs-are-Great-for-Kitchen-Countertops--18x10.jpg 18w, https:\/\/maisonquartzforms.com\/wp-content\/uploads\/2023\/12\/Why-Porcelain-Slabs-are-Great-for-Kitchen-Countertops-.jpg 1456w\" data-sizes=\"(max-width: 800px) 100vw, 800px\" src=\"data:image\/svg+xml;base64,PHN2ZyB3aWR0aD0iMSIgaGVpZ2h0PSIxIiB4bWxucz0iaHR0cDovL3d3dy53My5vcmcvMjAwMC9zdmciPjwvc3ZnPg==\" style=\"--smush-placeholder-width: 800px; --smush-placeholder-aspect-ratio: 800\/448;\" \/><\/div><\/a>\n\t\t\t\t<div class=\"elementor-post__badge\">Blog<\/div>\n\t\t\t\t<div class=\"elementor-post__text\">\n\t\t\t\t<h3 class=\"elementor-post__title\">\n\t\t\t<a href=\"https:\/\/maisonquartzforms.com\/fr\/10-reasons-why-porcelain-slabs-are-great-for-kitchen-countertops\/\" >\n\t\t\t\t10 Raisons Pour Lesquelles les Dalles en Porcelaine Sont Id\u00e9ales pour les Comptoirs de Cuisine\t\t\t<\/a>\n\t\t<\/h3>\n\t\t\n\t\t<a class=\"elementor-post__read-more\" href=\"https:\/\/maisonquartzforms.com\/fr\/10-reasons-why-porcelain-slabs-are-great-for-kitchen-countertops\/\" aria-label=\"Read more about 10 Reasons Why Porcelain Slabs are Great for Kitchen Countertops\" tabindex=\"-1\" >\n\t\t\tread more \u00bb\t\t<\/a>\n\n\t\t\t\t<\/div>\n\t\t\t\t<div class=\"elementor-post__meta-data\">\n\t\t\t\t\t<span class=\"elementor-post-date\">\n\t\t\tDecember 27, 2023\t\t<\/span>\n\t\t\t\t<span class=\"elementor-post-avatar\">\n\t\t\tNo Comments\t\t<\/span>\n\t\t\t\t<\/div>\n\t\t\t\t\t<\/div>\n\t\t<\/article>\n\t\t\t\t<article class=\"elementor-post elementor-grid-item post-5081 post type-post status-publish format-standard has-post-thumbnail hentry category-blog\">\n\t\t\t<div class=\"elementor-post__card\">\n\t\t\t\t<a class=\"elementor-post__thumbnail__link\" href=\"https:\/\/maisonquartzforms.com\/fr\/types-of-countertop-how-to-choose-the-best-material-for-your-kitchen\/\" tabindex=\"-1\" ><div class=\"elementor-post__thumbnail\"><img decoding=\"async\" width=\"800\" height=\"448\" data-src=\"https:\/\/maisonquartzforms.com\/wp-content\/uploads\/2023\/12\/Types-of-Kitchen-Countertop--1024x574.jpg\" class=\"attachment-large size-large wp-image-5082 lazyload\" alt=\"\" data-srcset=\"https:\/\/maisonquartzforms.com\/wp-content\/uploads\/2023\/12\/Types-of-Kitchen-Countertop--1024x574.jpg 1024w, https:\/\/maisonquartzforms.com\/wp-content\/uploads\/2023\/12\/Types-of-Kitchen-Countertop--300x168.jpg 300w, https:\/\/maisonquartzforms.com\/wp-content\/uploads\/2023\/12\/Types-of-Kitchen-Countertop--535x300.jpg 535w, https:\/\/maisonquartzforms.com\/wp-content\/uploads\/2023\/12\/Types-of-Kitchen-Countertop--768x430.jpg 768w, https:\/\/maisonquartzforms.com\/wp-content\/uploads\/2023\/12\/Types-of-Kitchen-Countertop--18x10.jpg 18w, https:\/\/maisonquartzforms.com\/wp-content\/uploads\/2023\/12\/Types-of-Kitchen-Countertop-.jpg 1456w\" data-sizes=\"(max-width: 800px) 100vw, 800px\" src=\"data:image\/svg+xml;base64,PHN2ZyB3aWR0aD0iMSIgaGVpZ2h0PSIxIiB4bWxucz0iaHR0cDovL3d3dy53My5vcmcvMjAwMC9zdmciPjwvc3ZnPg==\" style=\"--smush-placeholder-width: 800px; --smush-placeholder-aspect-ratio: 800\/448;\" \/><\/div><\/a>\n\t\t\t\t<div class=\"elementor-post__badge\">Blog<\/div>\n\t\t\t\t<div class=\"elementor-post__text\">\n\t\t\t\t<h3 class=\"elementor-post__title\">\n\t\t\t<a href=\"https:\/\/maisonquartzforms.com\/fr\/types-of-countertop-how-to-choose-the-best-material-for-your-kitchen\/\" >\n\t\t\t\tTypes de Comptoirs de Cuisine: Comment Choisir le Meilleur Mat\u00e9riau\t\t\t<\/a>\n\t\t<\/h3>\n\t\t\n\t\t<a class=\"elementor-post__read-more\" href=\"https:\/\/maisonquartzforms.com\/fr\/types-of-countertop-how-to-choose-the-best-material-for-your-kitchen\/\" aria-label=\"Read more about Types of Countertop: How to Choose the Best Material for Your Kitchen\" tabindex=\"-1\" >\n\t\t\tread more \u00bb\t\t<\/a>\n\n\t\t\t\t<\/div>\n\t\t\t\t<div class=\"elementor-post__meta-data\">\n\t\t\t\t\t<span class=\"elementor-post-date\">\n\t\t\tDecember 26, 2023\t\t<\/span>\n\t\t\t\t<span class=\"elementor-post-avatar\">\n\t\t\tNo Comments\t\t<\/span>\n\t\t\t\t<\/div>\n\t\t\t\t\t<\/div>\n\t\t<\/article>\n\t\t\t\t<\/div>\n\t\t\n\t\t\t\t\t\t<\/div>\n\t\t\t\t<\/div>\n\t\t\t\t<\/div>\n\t\t\t\t<\/div>","protected":false},"excerpt":{"rendered":"<p>Blog<\/p>","protected":false},"author":8,"featured_media":0,"parent":0,"menu_order":0,"comment_status":"closed","ping_status":"closed","template":"","meta":{"_acf_changed":false,"footnotes":""},"class_list":["post-5185","page","type-page","status-publish","hentry"],"acf":[],"yoast_head":"<!-- This site is optimized with the Yoast SEO plugin v27.6 - https:\/\/yoast.com\/product\/yoast-seo-wordpress\/ -->\n<title>Blog - MAISON QUARTZFORMS<\/title>\n<meta name=\"robots\" content=\"index, follow, max-snippet:-1, max-image-preview:large, max-video-preview:-1\" \/>\n<link rel=\"canonical\" href=\"https:\/\/maisonquartzforms.com\/fr\/blog\/\" \/>\n<meta property=\"og:locale\" content=\"fr_CA\" \/>\n<meta property=\"og:type\" content=\"article\" \/>\n<meta property=\"og:title\" content=\"Blog - MAISON QUARTZFORMS\" \/>\n<meta property=\"og:description\" content=\"Blog\" \/>\n<meta property=\"og:url\" content=\"https:\/\/maisonquartzforms.com\/fr\/blog\/\" \/>\n<meta property=\"og:site_name\" content=\"MAISON QUARTZFORMS\" \/>\n<meta property=\"article:publisher\" content=\"https:\/\/www.facebook.com\/MaisonQuartzforms\/\" \/>\n<meta property=\"article:modified_time\" content=\"2023-12-27T17:20:42+00:00\" \/>\n<meta name=\"twitter:card\" content=\"summary_large_image\" \/>\n<meta name=\"twitter:label1\" content=\"Est. reading time\" \/>\n\t<meta name=\"twitter:data1\" content=\"1 minute\" \/>\n<script type=\"application\/ld+json\" class=\"yoast-schema-graph\">{\"@context\":\"https:\\\/\\\/schema.org\",\"@graph\":[{\"@type\":\"WebPage\",\"@id\":\"https:\\\/\\\/maisonquartzforms.com\\\/blog\\\/\",\"url\":\"https:\\\/\\\/maisonquartzforms.com\\\/blog\\\/\",\"name\":\"Blog - MAISON QUARTZFORMS\",\"isPartOf\":{\"@id\":\"https:\\\/\\\/maisonquartzforms.com\\\/fr\\\/#website\"},\"datePublished\":\"2023-12-26T17:11:04+00:00\",\"dateModified\":\"2023-12-27T17:20:42+00:00\",\"breadcrumb\":{\"@id\":\"https:\\\/\\\/maisonquartzforms.com\\\/blog\\\/#breadcrumb\"},\"inLanguage\":\"fr-CA\",\"potentialAction\":[{\"@type\":\"ReadAction\",\"target\":[\"https:\\\/\\\/maisonquartzforms.com\\\/blog\\\/\"]}]},{\"@type\":\"BreadcrumbList\",\"@id\":\"https:\\\/\\\/maisonquartzforms.com\\\/blog\\\/#breadcrumb\",\"itemListElement\":[{\"@type\":\"ListItem\",\"position\":1,\"name\":\"Home\",\"item\":\"https:\\\/\\\/maisonquartzforms.com\\\/\"},{\"@type\":\"ListItem\",\"position\":2,\"name\":\"Blog\"}]},{\"@type\":\"WebSite\",\"@id\":\"https:\\\/\\\/maisonquartzforms.com\\\/fr\\\/#website\",\"url\":\"https:\\\/\\\/maisonquartzforms.com\\\/fr\\\/\",\"name\":\"MAISON QUARTZFORMS\",\"description\":\"Supplier and fabricator of quartz, porcelain, and natural stone applications.\",\"publisher\":{\"@id\":\"https:\\\/\\\/maisonquartzforms.com\\\/fr\\\/#organization\"},\"potentialAction\":[{\"@type\":\"SearchAction\",\"target\":{\"@type\":\"EntryPoint\",\"urlTemplate\":\"https:\\\/\\\/maisonquartzforms.com\\\/fr\\\/?s={search_term_string}\"},\"query-input\":{\"@type\":\"PropertyValueSpecification\",\"valueRequired\":true,\"valueName\":\"search_term_string\"}}],\"inLanguage\":\"fr-CA\"},{\"@type\":\"Organization\",\"@id\":\"https:\\\/\\\/maisonquartzforms.com\\\/fr\\\/#organization\",\"name\":\"MAISON QUARTZFORMS\",\"url\":\"https:\\\/\\\/maisonquartzforms.com\\\/fr\\\/\",\"logo\":{\"@type\":\"ImageObject\",\"inLanguage\":\"fr-CA\",\"@id\":\"https:\\\/\\\/maisonquartzforms.com\\\/fr\\\/#\\\/schema\\\/logo\\\/image\\\/\",\"url\":\"https:\\\/\\\/maisonquartzforms.com\\\/wp-content\\\/uploads\\\/2023\\\/04\\\/Image.jpeg\",\"contentUrl\":\"https:\\\/\\\/maisonquartzforms.com\\\/wp-content\\\/uploads\\\/2023\\\/04\\\/Image.jpeg\",\"width\":1673,\"height\":780,\"caption\":\"MAISON QUARTZFORMS\"},\"image\":{\"@id\":\"https:\\\/\\\/maisonquartzforms.com\\\/fr\\\/#\\\/schema\\\/logo\\\/image\\\/\"},\"sameAs\":[\"https:\\\/\\\/www.facebook.com\\\/MaisonQuartzforms\\\/\",\"https:\\\/\\\/www.instagram.com\\\/maisonquartzforms\\\/\"]}]}<\/script>\n<!-- \/ Yoast SEO plugin. -->","yoast_head_json":{"title":"Blog - MAISON QUARTZFORMS","robots":{"index":"index","follow":"follow","max-snippet":"max-snippet:-1","max-image-preview":"max-image-preview:large","max-video-preview":"max-video-preview:-1"},"canonical":"https:\/\/maisonquartzforms.com\/fr\/blog\/","og_locale":"fr_CA","og_type":"article","og_title":"Blog - MAISON QUARTZFORMS","og_description":"Blog","og_url":"https:\/\/maisonquartzforms.com\/fr\/blog\/","og_site_name":"MAISON QUARTZFORMS","article_publisher":"https:\/\/www.facebook.com\/MaisonQuartzforms\/","article_modified_time":"2023-12-27T17:20:42+00:00","twitter_card":"summary_large_image","twitter_misc":{"Est. reading time":"1 minute"},"schema":{"@context":"https:\/\/schema.org","@graph":[{"@type":"WebPage","@id":"https:\/\/maisonquartzforms.com\/blog\/","url":"https:\/\/maisonquartzforms.com\/blog\/","name":"Blog - MAISON QUARTZFORMS","isPartOf":{"@id":"https:\/\/maisonquartzforms.com\/fr\/#website"},"datePublished":"2023-12-26T17:11:04+00:00","dateModified":"2023-12-27T17:20:42+00:00","breadcrumb":{"@id":"https:\/\/maisonquartzforms.com\/blog\/#breadcrumb"},"inLanguage":"fr-CA","potentialAction":[{"@type":"ReadAction","target":["https:\/\/maisonquartzforms.com\/blog\/"]}]},{"@type":"BreadcrumbList","@id":"https:\/\/maisonquartzforms.com\/blog\/#breadcrumb","itemListElement":[{"@type":"ListItem","position":1,"name":"Home","item":"https:\/\/maisonquartzforms.com\/"},{"@type":"ListItem","position":2,"name":"Blog"}]},{"@type":"WebSite","@id":"https:\/\/maisonquartzforms.com\/fr\/#website","url":"https:\/\/maisonquartzforms.com\/fr\/","name":"MAISON QUARTZFORMS","description":"Supplier and fabricator of quartz, porcelain, and natural stone applications.","publisher":{"@id":"https:\/\/maisonquartzforms.com\/fr\/#organization"},"potentialAction":[{"@type":"SearchAction","target":{"@type":"EntryPoint","urlTemplate":"https:\/\/maisonquartzforms.com\/fr\/?s={search_term_string}"},"query-input":{"@type":"PropertyValueSpecification","valueRequired":true,"valueName":"search_term_string"}}],"inLanguage":"fr-CA"},{"@type":"Organization","@id":"https:\/\/maisonquartzforms.com\/fr\/#organization","name":"MAISON QUARTZFORMS","url":"https:\/\/maisonquartzforms.com\/fr\/","logo":{"@type":"ImageObject","inLanguage":"fr-CA","@id":"https:\/\/maisonquartzforms.com\/fr\/#\/schema\/logo\/image\/","url":"https:\/\/maisonquartzforms.com\/wp-content\/uploads\/2023\/04\/Image.jpeg","contentUrl":"https:\/\/maisonquartzforms.com\/wp-content\/uploads\/2023\/04\/Image.jpeg","width":1673,"height":780,"caption":"MAISON QUARTZFORMS"},"image":{"@id":"https:\/\/maisonquartzforms.com\/fr\/#\/schema\/logo\/image\/"},"sameAs":["https:\/\/www.facebook.com\/MaisonQuartzforms\/","https:\/\/www.instagram.com\/maisonquartzforms\/"]}]}},"_links":{"self":[{"href":"https:\/\/maisonquartzforms.com\/fr\/wp-json\/wp\/v2\/pages\/5185","targetHints":{"allow":["GET"]}}],"collection":[{"href":"https:\/\/maisonquartzforms.com\/fr\/wp-json\/wp\/v2\/pages"}],"about":[{"href":"https:\/\/maisonquartzforms.com\/fr\/wp-json\/wp\/v2\/types\/page"}],"author":[{"embeddable":true,"href":"https:\/\/maisonquartzforms.com\/fr\/wp-json\/wp\/v2\/users\/8"}],"replies":[{"embeddable":true,"href":"https:\/\/maisonquartzforms.com\/fr\/wp-json\/wp\/v2\/comments?post=5185"}],"version-history":[{"count":5,"href":"https:\/\/maisonquartzforms.com\/fr\/wp-json\/wp\/v2\/pages\/5185\/revisions"}],"predecessor-version":[{"id":5302,"href":"https:\/\/maisonquartzforms.com\/fr\/wp-json\/wp\/v2\/pages\/5185\/revisions\/5302"}],"wp:attachment":[{"href":"https:\/\/maisonquartzforms.com\/fr\/wp-json\/wp\/v2\/media?parent=5185"}],"curies":[{"name":"wp","href":"https:\/\/api.w.org\/{rel}","templated":true}]}}